{"id":775,"date":"2023-02-21T10:31:38","date_gmt":"2023-02-21T09:31:38","guid":{"rendered":"https:\/\/csklublin.pl\/strona-glowna\/"},"modified":"2023-06-08T07:53:48","modified_gmt":"2023-06-08T05:53:48","slug":"strona-glowna","status":"publish","type":"page","link":"https:\/\/csklublin.pl\/en\/","title":{"rendered":"Home"},"content":{"rendered":"<div id=\"blok-slider-block_63f4975731b16\" class=\"  \">\n  <!-- SLIDER -->\n\n\n  <div class=\"banner\">\n    <div class=\"container\">\n\n      <div class=\"mob_social no_desktop\">\n                                                                <div class=\"col \">\n                            <a href=\"https:\/\/youtube.com\/\" rel=\"nofollow noopener\" target=\"_blank\">\n                            <div class=\"social_sec_mob\"> <img decoding=\"async\" src=\"<br \/>\n<b>Warning<\/b>:  Trying to access array offset on value of type bool in <b>\/home\/virtualki\/227208\/wp-content\/themes\/csk\/functions.php<\/b> on line <b>521<\/b><br \/>\n&#8221; alt=&#8221;&#8221;> <span class=\"sr-only\">YouTube<\/span><\/div>\n                            <\/a>\n                            <\/div>\n                                                    <div class=\"col middle\">\n                            <a href=\"https:\/\/facebook.com\" rel=\"nofollow noopener\" target=\"_blank\">\n                            <div class=\"social_sec_mob\"> <img decoding=\"async\" src=\"<br \/>\n<b>Warning<\/b>:  Trying to access array offset on value of type bool in <b>\/home\/virtualki\/227208\/wp-content\/themes\/csk\/functions.php<\/b> on line <b>521<\/b><br \/>\n&#8221; alt=&#8221;&#8221;> <span class=\"sr-only\">FaceBook<\/span><\/div>\n                            <\/a>\n                            <\/div>\n                                                    <div class=\"col \">\n                            <a href=\"https:\/\/Instagram.com\" rel=\"nofollow noopener\" target=\"_blank\">\n                            <div class=\"social_sec_mob\"> <img decoding=\"async\" src=\"<br \/>\n<b>Warning<\/b>:  Trying to access array offset on value of type bool in <b>\/home\/virtualki\/227208\/wp-content\/themes\/csk\/functions.php<\/b> on line <b>521<\/b><br \/>\n&#8221; alt=&#8221;&#8221;> <span class=\"sr-only\">Instagram<\/span><\/div>\n                            <\/a>\n                            <\/div>\n                        \n\n    \n\n\n        <div class=\"clr\"><\/div>\n      <\/div>\n\n\n      <div id=\"carouselExampleDark\" class=\"carousel carousel-dark slide\" data-bs-ride=\"carousel\">\n\n        \n\n        <div class=\"social\">\n                                    <div class=\"social_sec\">  <a href=\"https:\/\/youtube.com\/\" title=\"YouTube\" rel=\"nofollow noopener\" target=\"_blank\"><img decoding=\"async\" src=\"<br \/>\n<b>Warning<\/b>:  Trying to access array offset on value of type bool in <b>\/home\/virtualki\/227208\/wp-content\/themes\/csk\/functions.php<\/b> on line <b>505<\/b><br \/>\n&#8221; alt=&#8221;&#8221;> <span class=\"sr-only\">YouTube<\/span><\/a><\/div>\n                                        <div class=\"social_sec1\">  <a href=\"https:\/\/facebook.com\" title=\"FaceBook\" rel=\"nofollow noopener\" target=\"_blank\"><img decoding=\"async\" src=\"<br \/>\n<b>Warning<\/b>:  Trying to access array offset on value of type bool in <b>\/home\/virtualki\/227208\/wp-content\/themes\/csk\/functions.php<\/b> on line <b>505<\/b><br \/>\n&#8221; alt=&#8221;&#8221;> <span class=\"sr-only\">FaceBook<\/span><\/a><\/div>\n                                        <div class=\"social_sec2\">  <a href=\"https:\/\/Instagram.com\" title=\"Instagram\" rel=\"nofollow noopener\" target=\"_blank\"><img decoding=\"async\" src=\"<br \/>\n<b>Warning<\/b>:  Trying to access array offset on value of type bool in <b>\/home\/virtualki\/227208\/wp-content\/themes\/csk\/functions.php<\/b> on line <b>505<\/b><br \/>\n&#8221; alt=&#8221;&#8221;> <span class=\"sr-only\">Instagram<\/span><\/a><\/div>\n                          <\/div>\n\n      \n\n\n        <div class=\"slider_indicator no_mobile\"> <span id=\"carsouselItemCount\">0<\/span>\/1        <\/div>\n\n        <div class=\"carousel-inner\">\n\n                    <div class=\"carousel-item active\" data-cur-slide=\"1\"\n            data-bs-interval=\"10000\">\n            <div class=\"row\">\n              <div class=\"col-xxl-6 col-xl-6 col-lg-6 col-md-12 col-sm-12 caption\">\n                <div class=\"carousel-caption  d-md-block w-100\">\n                  <h1>SPECTACLE  \u201eOSTATNIA STACJA\u201d \u2013 WORK IN PROGRESS<\/h1>\n                  <div class=\"banner_date\">January 17, 2023<\/div>\n\n                  <div class=\"banner_text\">On August 13-25, at the Center for the Meeting of Cultures in Lublin, the tenth jubilee edition of the Board Mania festival will take place.<\/div> \n                \n                <\/div>\n\n                 <div class=\"banner_btn_sec\">\n\n                  \n                                    <a href=\"https:\/\/csklublin.pl\" class=\"banner_but\">Tickets<\/a>\n                                  <\/div>\n\n\n              <\/div>\n              <div class=\"col-xxl-6 col-xl-6 col-lg-6 col-md-12 col-sm-12\">\n                <img decoding=\"async\" src=\"https:\/\/csklublin.pl\/wp-content\/uploads\/2023\/02\/Img_new1.jpg\" class=\"d-block w-100\" alt=\"...\">\n              <\/div>\n            <\/div>\n          <\/div>\n          \n\n          <div class=\"slider_indicator no_desktop\">\n            <button class=\"carousel-control-prev\" type=\"button\" title=\"Previous slide\"\n              data-bs-target=\"#carouselExampleDark\" data-bs-slide=\"prev\">\n              <img decoding=\"async\" src=\"https:\/\/csklublin.pl\/wp-content\/themes\/csk\/assets\/images\/arrow-left.svg\" alt=\"\">\n              <span class=\"visually-hidden\">Previous<\/span>\n            <\/button>\n            <span id=\"carsouselItemCountM\">0<\/span>\/1            <button class=\"carousel-control-next\" type=\"button\" data-bs-target=\"#carouselExampleDark\"\n              title=\"Next slide\" data-bs-slide=\"next\">\n              <img decoding=\"async\" src=\"https:\/\/csklublin.pl\/wp-content\/themes\/csk\/assets\/images\/arrow-right.svg\" alt=\"\">\n              <span class=\"visually-hidden\">Next<\/span>\n            <\/button>\n          <\/div>\n\n\n          <button class=\"carousel-control-prev no_mobile\" type=\"button\" title=\"Previous slide\"\n            data-bs-target=\"#carouselExampleDark\" data-bs-slide=\"prev\">\n            <img decoding=\"async\" src=\"https:\/\/csklublin.pl\/wp-content\/themes\/csk\/assets\/images\/arrow-left.svg\" alt=\"\">\n            <span class=\"visually-hidden\">Previous<\/span>\n          <\/button>\n          <button class=\"carousel-control-next no_mobile\" type=\"button\" data-bs-target=\"#carouselExampleDark\"\n            title=\"Next slide\" data-bs-slide=\"next\">\n            <img decoding=\"async\" src=\"https:\/\/csklublin.pl\/wp-content\/themes\/csk\/assets\/images\/arrow-right.svg\" alt=\"\">\n            <span class=\"visually-hidden\">Next<\/span>\n          <\/button>\n\n\n          <button class=\"carousel-control-pause pause no_mobile\" type=\"button\" data-bs-target=\"#carouselExampleDark\"\n            title=\"Stop slider\">\n            <img decoding=\"async\" src=\"https:\/\/csklublin.pl\/wp-content\/themes\/csk\/assets\/images\/pause.svg\" id=\"mainslider_desk\"\n              alt=\"\">\n            <span class=\"visually-hidden\">Stop slider<\/span>\n          <\/button>\n        <\/div>\n\n\n        <div class=\"no_desktop\">\n        <button class=\"carousel-control-pause pause\" type=\"button\" data-bs-target=\"#carouselExampleDark\" title=\"Stop slider\">\n          <img decoding=\"async\" src=\"https:\/\/csklublin.pl\/wp-content\/themes\/csk\/assets\/images\/pause.svg\" id=\"mainslider_mob\" alt=\"\">\n          <span class=\"visually-hidden\">Stop slider<\/span>\n        <\/button>\n        <\/div>\n\n\n      <\/div>\n    <\/div>\n  <\/div>\n\n\n  <!-- \/SLIDER -->\n<\/div>\n\n\n\n\n\n\n        <div id=\"polecane-block_63fdb650b834a-5416\" class=\"post_info \">\n\n\n        <div class=\"recommended no_list_mob\">\n            <div class=\"container\">\n                <div class=\"container_in\">\n                \n                    <h2>RECOMMENDED<\/h2>\n                    <ul class=\"row\">\n                    \n                    <li class=\"col-xxl-3 col-xl-3 col-lg-6 col-md-6 col-sm-12 main_sec\">\n                        <a href=\"https:\/\/csklublin.pl\/en\/wydarzenia\/71-ogolnopolski-konkurs-recytatorski-turniej-wojewodzki-w-lublinie\/\"> <div class=\"rec_box main_sec_box\">\n                            <div class=\"img-wrapper\">\n                                <img decoding=\"async\" src=\"https:\/\/csklublin.pl\/wp-content\/uploads\/2026\/02\/OKR-LUTY-71_grafiki_3-530x299.png\" alt=\"\">\n                            <\/div>\n                                <div class=\"rec_box_text \">\n                                    <div class=\"rec_box_title mt-3\">71. Og\u00f3lnopolski Konkurs Recytatorski \u2013 Turniej Wojew\u00f3dzki w&#8230;<\/div>\n                                <\/div>\n                            <\/div>\n                        <\/a>\n                    <\/li>\n\n                    \n                    <li class=\"col-xxl-3 col-xl-3 col-lg-6 col-md-6 col-sm-12 main_sec\">\n                        <a href=\"https:\/\/csklublin.pl\/en\/wydarzenia\/wojewodzki-przeglad-kapel-i-spiewakow-ludowych-2026-wojewodztwo-lubelskie\/\"> <div class=\"rec_box main_sec_box\">\n                            <div class=\"img-wrapper\">\n                                <img decoding=\"async\" src=\"https:\/\/csklublin.pl\/wp-content\/uploads\/2026\/02\/PRZEGLAD-WOJ-KAPEL_popr_2-530x299.png\" alt=\"\">\n                            <\/div>\n                                <div class=\"rec_box_text \">\n                                    <div class=\"rec_box_title mt-3\">WOJEW\u00d3DZKI PRZEGL\u0104D KAPEL I \u015aPIEWAK\u00d3W LUDOWYCH 2026 &#8211; WOJEW\u00d3DZTWO&#8230;<\/div>\n                                <\/div>\n                            <\/div>\n                        <\/a>\n                    <\/li>\n\n                    \n                    <li class=\"col-xxl-3 col-xl-3 col-lg-6 col-md-6 col-sm-12 main_sec\">\n                        <a href=\"https:\/\/csklublin.pl\/en\/wydarzenia\/antoni-janusz-pastwa-przestrzenie-wyobrazni-wernisaz-csk\/\"> <div class=\"rec_box main_sec_box\">\n                            <div class=\"img-wrapper\">\n                                <img decoding=\"async\" src=\"https:\/\/csklublin.pl\/wp-content\/uploads\/2026\/04\/Janusz-Paswa_wystawa-2026_formatki_3-530x299.png\" alt=\"\">\n                            <\/div>\n                                <div class=\"rec_box_text \">\n                                    <div class=\"rec_box_title mt-3\">Antoni Janusz Pastwa. Przestrzenie wyobra\u017ani | Wernisa\u017c |&#8230;<\/div>\n                                <\/div>\n                            <\/div>\n                        <\/a>\n                    <\/li>\n\n                    \n                    <li class=\"col-xxl-3 col-xl-3 col-lg-6 col-md-6 col-sm-12 main_sec\">\n                        <a href=\"https:\/\/csklublin.pl\/en\/wydarzenia\/rgg-trio-feat-tomasz-dabrowski-xxv-lecie-jazzwcsk\/\"> <div class=\"rec_box main_sec_box\">\n                            <div class=\"img-wrapper\">\n                                <img decoding=\"async\" src=\"https:\/\/csklublin.pl\/wp-content\/uploads\/2026\/03\/196A1659-Poprawione-Szum-530x299.jpg\" alt=\"\">\n                            <\/div>\n                                <div class=\"rec_box_text \">\n                                    <div class=\"rec_box_title mt-3\">RGG feat. TOMASZ D\u0104BROWSKI \u2013 XXV-lecie | #JAZZwCSK<\/div>\n                                <\/div>\n                            <\/div>\n                        <\/a>\n                    <\/li>\n\n                     \n\n                    <\/ul>\n                <\/div>\n            <\/div>\n        <\/div>\n\n\n        <div class=\"recommended no_list_desk\">\n            <div class=\"container\">\n                <div class=\"container_in\">\n                \n                    <h2>RECOMMENDED<\/h2>\n                    <ul class=\"row owl-carousel owl-4\">\n                    \n                    <li class=\"col-xxl-3 col-xl-3 col-lg-6 col-md-6 col-sm-12 main_sec\">\n                        <a href=\"https:\/\/csklublin.pl\/en\/wydarzenia\/71-ogolnopolski-konkurs-recytatorski-turniej-wojewodzki-w-lublinie\/\"> <div class=\"rec_box main_sec_box\">\n                            <img decoding=\"async\" src=\"https:\/\/csklublin.pl\/wp-content\/uploads\/2026\/02\/OKR-LUTY-71_grafiki_3-530x299.png\" alt=\"\" class=\"img_a11\">\n                                <div class=\"rec_box_text\">\n                                    <div class=\"rec_box_title mt-3\">71. Og\u00f3lnopolski Konkurs Recytatorski \u2013 Turniej Wojew\u00f3dzki w&#8230;<\/div>\n                                <\/div>\n                            <\/div>\n                        <\/a>\n                    <\/li>\n\n                    \n                    <li class=\"col-xxl-3 col-xl-3 col-lg-6 col-md-6 col-sm-12 main_sec\">\n                        <a href=\"https:\/\/csklublin.pl\/en\/wydarzenia\/wojewodzki-przeglad-kapel-i-spiewakow-ludowych-2026-wojewodztwo-lubelskie\/\"> <div class=\"rec_box main_sec_box\">\n                            <img decoding=\"async\" src=\"https:\/\/csklublin.pl\/wp-content\/uploads\/2026\/02\/PRZEGLAD-WOJ-KAPEL_popr_2-530x299.png\" alt=\"\" class=\"img_a11\">\n                                <div class=\"rec_box_text\">\n                                    <div class=\"rec_box_title mt-3\">WOJEW\u00d3DZKI PRZEGL\u0104D KAPEL I \u015aPIEWAK\u00d3W LUDOWYCH 2026 &#8211; WOJEW\u00d3DZTWO&#8230;<\/div>\n                                <\/div>\n                            <\/div>\n                        <\/a>\n                    <\/li>\n\n                    \n                    <li class=\"col-xxl-3 col-xl-3 col-lg-6 col-md-6 col-sm-12 main_sec\">\n                        <a href=\"https:\/\/csklublin.pl\/en\/wydarzenia\/antoni-janusz-pastwa-przestrzenie-wyobrazni-wernisaz-csk\/\"> <div class=\"rec_box main_sec_box\">\n                            <img decoding=\"async\" src=\"https:\/\/csklublin.pl\/wp-content\/uploads\/2026\/04\/Janusz-Paswa_wystawa-2026_formatki_3-530x299.png\" alt=\"\" class=\"img_a11\">\n                                <div class=\"rec_box_text\">\n                                    <div class=\"rec_box_title mt-3\">Antoni Janusz Pastwa. Przestrzenie wyobra\u017ani | Wernisa\u017c |&#8230;<\/div>\n                                <\/div>\n                            <\/div>\n                        <\/a>\n                    <\/li>\n\n                    \n                    <li class=\"col-xxl-3 col-xl-3 col-lg-6 col-md-6 col-sm-12 main_sec\">\n                        <a href=\"https:\/\/csklublin.pl\/en\/wydarzenia\/rgg-trio-feat-tomasz-dabrowski-xxv-lecie-jazzwcsk\/\"> <div class=\"rec_box main_sec_box\">\n                            <img decoding=\"async\" src=\"https:\/\/csklublin.pl\/wp-content\/uploads\/2026\/03\/196A1659-Poprawione-Szum-530x299.jpg\" alt=\"\" class=\"img_a11\">\n                                <div class=\"rec_box_text\">\n                                    <div class=\"rec_box_title mt-3\">RGG feat. TOMASZ D\u0104BROWSKI \u2013 XXV-lecie | #JAZZwCSK<\/div>\n                                <\/div>\n                            <\/div>\n                        <\/a>\n                    <\/li>\n\n                     \n\n                    <\/ul>\n                <\/div>\n            <\/div>\n        <\/div>\n\n           \n        \n            \n\n        <\/div>\n\n    \n\n\n        <div id=\"repertuar-block_63fdc8bf0a5d4-8314\" class=\"post_info repertuarbox \">\n\n\n        <div class=\"grey_bg\">\n            <div class=\"container\">\n            <div class=\"container_in\">\n\n                <div class=\"row\">\n                    <div class=\"col-md-6\">\n                        <h2>REPERTOIRE<\/h2>                    <\/div>\n                    <div class=\"col-md-6\">\n                                                    <a href=\"https:\/\/csklublin.pl\/kalendarium\/\" class=\"sec_but no_mobile\">All events<\/a>\n                                            <\/div>\n                <\/div>\n\n\n                    <div class=\"row form_sec\">\n\n                        <div class=\"col\">\n                            <select class=\"form-select\" name=\"etime\" id=\"etime\" aria-label=\"Default select example\">\n                                <option value=\"\">Time<\/option>\n                                <option value=\"08:00-10:00\"  >08:00 &#8211; 10:00<\/option>\n                                <option value=\"10:01-12:00\"  >10:01 &#8211; 12:00<\/option>\n                                <option value=\"12:01-14:00\"  >12:01 &#8211; 14:00<\/option>\n                                <option value=\"14:01-16:00\"  >14:01 &#8211; 16:00<\/option>\n                                <option value=\"16:01-18:00\"  >16:01 &#8211; 18:00<\/option>\n                                <option value=\"18:01-20:00\"  >18:01 &#8211; 20:00<\/option>\n                            <\/select>\n                        <\/div>\n                                                <div class=\"col\">\n                            <select name=\"eloc\" id=\"eloc\" class=\"form-select\" aria-label=\"Location\">\n\n                                <option value=\"\">Location<\/option>\n                                                                    <option value=\"1476\"  >ALEJA KULTUR<\/option>\n                                                                    <option value=\"1491\"  >CICHE K\u0104TY +1<\/option>\n                                                                    <option value=\"1496\"  >CSK<\/option>\n                                                                    <option value=\"1488\"  >DU\u017bA KIESZE\u0143 SCENY +1<\/option>\n                                                                    <option value=\"1485\"  >FOYER SALI KINOWEJ<\/option>\n                                                                    <option value=\"1483\"  >FOYER SALI OPEROWEJ<\/option>\n                                                                    <option value=\"21184\"  >GALERIA MULTIMEDIALNA +1<\/option>\n                                                                    <option value=\"9816\"  >GALERIA WYSTAW CZASOWYCH -1<\/option>\n                                                                    <option value=\"1478\"  >GALERIA WYSTAW CZASOWYCH +1<\/option>\n                                                                    <option value=\"1484\"  >KLUB MUZYCZNY<\/option>\n                                                                    <option value=\"1497\"  >MA\u0141A KIESZE\u0143 SCENY POZIOM +1<\/option>\n                                                                    <option value=\"1490\"  >ONLINE<\/option>\n                                                                    <option value=\"22899\"  >P H O N O m a t i c \u00a0\u00a0S T U D I O<\/option>\n                                                                    <option value=\"1480\"  >PATIO<\/option>\n                                                                    <option value=\"1477\"  >PLAC TEATRALNY<\/option>\n                                                                    <option value=\"1498\"  >REGION<\/option>\n                                                                    <option value=\"1475\"  >SALA BALETOWA<\/option>\n                                                                    <option value=\"1473\"  >SALA KAMERALNA<\/option>\n                                                                    <option value=\"1474\"  >SALA KINOWA<\/option>\n                                                                    <option value=\"1472\"  >SALA OPEROWA<\/option>\n                                                                    <option value=\"1493\"  >SKLEPIK KULTURALNY CSK<\/option>\n                                                                    <option value=\"1479\"  >TARASY WIDOKOWE<\/option>\n                                                            <\/select>\n                        <\/div>\n                        \n                        \n                        <div class=\"col\">\n                            <select name=\"edla\"  id=\"edla\" class=\"form-select\" aria-label=\"For whom\">\n                                <option value=\"\">TYPE OF EVENT<\/option>\n                                                                    <option value=\"6862\" >Warsztaty<\/option>\n                                                                    <option value=\"6864\" >Film<\/option>\n                                                                    <option value=\"6869\" >Koncert<\/option>\n                                                                    <option value=\"6897\" >Festiwal<\/option>\n                                                                    <option value=\"6980\" >Spektakl<\/option>\n                                                                    <option value=\"7109\" >Spotkanie<\/option>\n                                                                    <option value=\"10687\" >Stand-up<\/option>\n                                                                    <option value=\"11906\" >Konkurs<\/option>\n                                                                    <option value=\"17290\" >Kabaret<\/option>\n                                                            <\/select>\n                        <\/div>\n                        \n\n\n                        <div class=\"col\">\n                            <div class=\"radio_bg\">\n                                <div class=\"form-check1\">\n                                    <input class=\"form-check-input\" type=\"checkbox\" value=\"1\" name=\"free_entrance\" id=\"free_entrance\" >\n                                    <label class=\"form-check-label\" for=\"free_entrance\">\n                                    Free entry                                    <\/label>\n                                <\/div>\n                            <\/div>\n                        <\/div>\n\n                        <div class=\"clrAll\">\n                            <button type=\"button\" class=\"clearForm\" id=\"clearForm\"><span class=\"sr-only\">All events<\/span>\n                                <img decoding=\"async\" src=\"https:\/\/csklublin.pl\/wp-content\/themes\/csk\/assets\/images\/refresh.svg\" alt=\"\">\n                            <\/button>\n                        <\/div>\n                    <\/div>\n                    <div style=\"display:none\">\n                        <label class=\"sr-only\" for=\"edate\">Date range<\/label>\n                        <input class=\"\" name=\"edate\" id=\"edate\" value=\"\">\n                    <\/div>\n\n\n\n\n                <div id=\"cvf_universal_container\" data-page=\"home\"><\/div>\n\n\n\n                <div class=\"sec_bot\">\n                                            <a href=\"https:\/\/csklublin.pl\/kalendarium\/\" class=\"sec_but no_desktop\">All events<\/a>\n                                    <\/div>\n\n            <\/div>\n            <\/div>\n\n        <\/div>\n\n\n\n\n\n\n\n        <\/div>\n\n    \n\n","protected":false},"excerpt":{"rendered":"","protected":false},"author":9,"featured_media":0,"parent":0,"menu_order":1,"comment_status":"closed","ping_status":"closed","template":"page-templates\/template-full.php","meta":{"_acf_changed":false,"inline_featured_image":false,"footnotes":""},"class_list":["post-775","page","type-page","status-publish","hentry"],"acf":[],"_links":{"self":[{"href":"https:\/\/csklublin.pl\/en\/wp-json\/wp\/v2\/pages\/775","targetHints":{"allow":["GET"]}}],"collection":[{"href":"https:\/\/csklublin.pl\/en\/wp-json\/wp\/v2\/pages"}],"about":[{"href":"https:\/\/csklublin.pl\/en\/wp-json\/wp\/v2\/types\/page"}],"author":[{"embeddable":true,"href":"https:\/\/csklublin.pl\/en\/wp-json\/wp\/v2\/users\/9"}],"replies":[{"embeddable":true,"href":"https:\/\/csklublin.pl\/en\/wp-json\/wp\/v2\/comments?post=775"}],"version-history":[{"count":8,"href":"https:\/\/csklublin.pl\/en\/wp-json\/wp\/v2\/pages\/775\/revisions"}],"predecessor-version":[{"id":7843,"href":"https:\/\/csklublin.pl\/en\/wp-json\/wp\/v2\/pages\/775\/revisions\/7843"}],"wp:attachment":[{"href":"https:\/\/csklublin.pl\/en\/wp-json\/wp\/v2\/media?parent=775"}],"curies":[{"name":"wp","href":"https:\/\/api.w.org\/{rel}","templated":true}]}}