{"id":778,"date":"2023-02-21T10:28:33","date_gmt":"2023-02-21T09:28:33","guid":{"rendered":"https:\/\/csklublin.pl\/o-nas\/"},"modified":"2023-10-04T10:07:51","modified_gmt":"2023-10-04T08:07:51","slug":"o-nas","status":"publish","type":"page","link":"https:\/\/csklublin.pl\/en\/o-nas\/","title":{"rendered":"About us"},"content":{"rendered":"\n        <div id=\"calendar-block_3c93b43a9d4f440a9ae41e7918ce2e4a\" class=\"mt-4 mb-5  \">\n            <!-- calendar -->\n\n            <div class=\"py-5\">\n            <ul class=\"timeline\">\n                                <li class=\"timeline-item\">\n                    <div class=\"timeline_year\">\n                        <strong>1960<\/strong>\n                    <\/div>\n                    <div class=\"row\">   \n                        <div class=\"col-xxl-3 col-xl-4 col-lg-4 col-md-4 col-sm-12\">\n                                                        <img decoding=\"async\" src=\"https:\/\/csklublin.pl\/wp-content\/uploads\/2023\/03\/onas1.jpg\" alt=\"\" class=\"img_a11 mb-3\">\n                                                    <\/div>\n                        <div class=\"col-xxl-9 col-xl-8 col-lg-8 col-md-8 col-sm-12\">\n                            Idea budowy nowego gmachu teatralnego w Lublinie powsta\u0142a w latach 60-tych XX wieku. Na pocz\u0105tku lat 70-tych \u00f3wczesny dyrektor Teatru im. Juliusza Osterwy Kazimierz Braun zaproponowa\u0142 realizacj\u0119 nowego teatru z sal\u0105 na 500 os\u00f3b.                        <\/div>\n                    <\/div>\n                <\/li> \n                                <li class=\"timeline-item\">\n                    <div class=\"timeline_year\">\n                        <strong>1960<\/strong>\n                    <\/div>\n                    <div class=\"row\">   \n                        <div class=\"col-xxl-3 col-xl-4 col-lg-4 col-md-4 col-sm-12\">\n                                                        <img decoding=\"async\" src=\"https:\/\/csklublin.pl\/wp-content\/uploads\/2023\/03\/onas2.jpg\" alt=\"\" class=\"img_a11 mb-3\">\n                                                    <\/div>\n                        <div class=\"col-xxl-9 col-xl-8 col-lg-8 col-md-8 col-sm-12\">\n                            30. maja 1972 roku Wojew\u00f3dzka Rada Narodowa i Wojew\u00f3dzka Komisja Planowania podj\u0119\u0142y decyzj\u0119 o budowie w Lublinie teatru operowego z sal\u0105 widowiskowo-kongresow\u0105, mog\u0105c\u0105 pomie\u015bci\u0107 1000 os\u00f3b. Og\u0142oszono og\u00f3lnopolski konkurs architektoniczny z udzia\u0142em Stowarzyszenia Architekt\u00f3w Polskich SARP. Zwyci\u0119\u017cy\u0142 w nim prof. arch. Stanis\u0142aw Bie\u0144ku\u0144ski z Warszawy. Projekt wykonano w 1972 roku w BPBBO Miastoprojekt Lublin pod kierunkiem autora. Gmach teatru mia\u0142 stanowi\u0107 centrum administracyjno-kulturalne oraz ostoj\u0119 sztuki w tworzonym \u201edrugim zag\u0142\u0119biu w\u0119glowym\u201d. Mia\u0142 by\u0107 r\u00f3wnie\u017c jednym z najwi\u0119kszych obiekt\u00f3w widowiskowych w Polsce i Europie. 25. lipca 1974 roku wicepremier Mieczys\u0142aw Jagielski dokona\u0142 uroczystego wmurowania kamienia w\u0119gielnego. Kierownikiem budowy by\u0142 wtedy Wojciech Tuchalski. Miejsce \u2013 Aleje Rac\u0142awickie \u2013 nie by\u0142o przypadkowe. Tu mie\u015bci\u0142a si\u0119 siedziba KW PZPR (dzisiejszy Uniwersytet Medyczny), tu mia\u0142 powsta\u0107 \u0141uk Wyzwolenia z okazji X-lecia Polski Ludowej. Wreszcie budynek mia\u0142 przy\u0107mi\u0107 wielko\u015bci\u0105 bry\u0142\u0119 Katolickiego Uniwersytetu Lubelskiego.                        <\/div>\n                    <\/div>\n                <\/li> \n                                <li class=\"timeline-item\">\n                    <div class=\"timeline_year\">\n                        <strong>1960<\/strong>\n                    <\/div>\n                    <div class=\"row\">   \n                        <div class=\"col-xxl-3 col-xl-4 col-lg-4 col-md-4 col-sm-12\">\n                                                        <img decoding=\"async\" src=\"https:\/\/csklublin.pl\/wp-content\/uploads\/2023\/03\/onas3.jpg\" alt=\"\" class=\"img_a11 mb-3\">\n                                                    <\/div>\n                        <div class=\"col-xxl-9 col-xl-8 col-lg-8 col-md-8 col-sm-12\">\n                            Idea budowy nowego gmachu teatralnego w Lublinie powsta\u0142a w latach 60-tych XX wieku. Na pocz\u0105tku lat 70-tych \u00f3wczesny dyrektor Teatru im. Juliusza Osterwy Kazimierz Braun zaproponowa\u0142 realizacj\u0119 nowego teatru z sal\u0105 na 500 os\u00f3b.                        <\/div>\n                    <\/div>\n                <\/li> \n                                <li class=\"timeline-item\">\n                    <div class=\"timeline_year\">\n                        <strong>1960<\/strong>\n                    <\/div>\n                    <div class=\"row\">   \n                        <div class=\"col-xxl-3 col-xl-4 col-lg-4 col-md-4 col-sm-12\">\n                                                        <img decoding=\"async\" src=\"https:\/\/csklublin.pl\/wp-content\/uploads\/2023\/03\/onas4.jpg\" alt=\"\" class=\"img_a11 mb-3\">\n                                                    <\/div>\n                        <div class=\"col-xxl-9 col-xl-8 col-lg-8 col-md-8 col-sm-12\">\n                            Pog\u0142\u0119biaj\u0105cy si\u0119 kryzys lat 80-tych XX w. wymusi\u0142 wstrzymanie prac budowlanych na wiele lat. Budynek zyska\u0142 miano \u201eTeatru w Budowie\u201d. \u015arodki z bud\u017cetu pa\u0144stwa wystarcza\u0142y praktycznie tylko na utrzymywanie i zabezpieczanie mur\u00f3w.                        <\/div>\n                    <\/div>\n                <\/li> \n                                <li class=\"timeline-item\">\n                    <div class=\"timeline_year\">\n                        <strong>1960<\/strong>\n                    <\/div>\n                    <div class=\"row\">   \n                        <div class=\"col-xxl-3 col-xl-4 col-lg-4 col-md-4 col-sm-12\">\n                                                        <img decoding=\"async\" src=\"https:\/\/csklublin.pl\/wp-content\/uploads\/2023\/03\/onas5.jpg\" alt=\"\" class=\"img_a11 mb-3\">\n                                                    <\/div>\n                        <div class=\"col-xxl-9 col-xl-8 col-lg-8 col-md-8 col-sm-12\">\n                            W listopadzie 2000 r. nast\u0105pi\u0142o otwarcie nowej siedziby Teatru Muzycznego z sal\u0105 widowiskow\u0105 na 400 os\u00f3b przy ul. M.C. Sk\u0142odowskiej 5. 6 pa\u017adziernika 2001 roku Prezydent Rzeczypospolitej Polskiej Aleksander Kwa\u015bniewski i Prezydent Ukrainy Leonid Kuczma wzi\u0119li udzia\u0142 w uroczystej inauguracji Europejskiego Kolegium Polskich i Ukrai\u0144skich Uniwersytet\u00f3w w Lublinie w pomieszczeniach znajduj\u0105cych si\u0119 w Teatrze w Budowie (nic dla mnie nie wnosi ta informacja do historii CSK). W styczniu 2007 roku w\u0142adze regionu zdecydowa\u0142y o utworzeniu w Centrum Spotkania Kultur w Lublinie. Zorganizowano mi\u0119dzynarodowy konkurs na opracowanie koncepcji urbanistyczno-architektonicznej. Wystartowa\u0142o w nim 49 firm z Polski i z zagranicy (m.in. Niemiec, Francji, Hiszpanii, Stan\u00f3w Zjednoczonych, Litwy, Holandii).                        <\/div>\n                    <\/div>\n                <\/li> \n                                <li class=\"timeline-item\">\n                    <div class=\"timeline_year\">\n                        <strong>1960<\/strong>\n                    <\/div>\n                    <div class=\"row\">   \n                        <div class=\"col-xxl-3 col-xl-4 col-lg-4 col-md-4 col-sm-12\">\n                                                        <img decoding=\"async\" src=\"https:\/\/csklublin.pl\/wp-content\/uploads\/2023\/03\/onas6.jpg\" alt=\"\" class=\"img_a11 mb-3\">\n                                                    <\/div>\n                        <div class=\"col-xxl-9 col-xl-8 col-lg-8 col-md-8 col-sm-12\">\n                            Idea budowy nowego gmachu teatralnego w Lublinie powsta\u0142a w latach 60-tych XX wieku. Na pocz\u0105tku lat 70-tych \u00f3wczesny dyrektor Teatru im. Juliusza Osterwy Kazimierz Braun zaproponowa\u0142 realizacj\u0119 nowego teatru z sal\u0105 na 500 os\u00f3b.                        <\/div>\n                    <\/div>\n                <\/li> \n                            <\/ul>\n            <\/div>\n\n\n            <!-- \/calendar -->\n        <\/div>\n        <br><br>\n\n    ","protected":false},"excerpt":{"rendered":"","protected":false},"author":9,"featured_media":0,"parent":0,"menu_order":3,"comment_status":"closed","ping_status":"closed","template":"","meta":{"_acf_changed":false,"inline_featured_image":false,"footnotes":""},"class_list":["post-778","page","type-page","status-publish","hentry"],"acf":[],"_links":{"self":[{"href":"https:\/\/csklublin.pl\/en\/wp-json\/wp\/v2\/pages\/778","targetHints":{"allow":["GET"]}}],"collection":[{"href":"https:\/\/csklublin.pl\/en\/wp-json\/wp\/v2\/pages"}],"about":[{"href":"https:\/\/csklublin.pl\/en\/wp-json\/wp\/v2\/types\/page"}],"author":[{"embeddable":true,"href":"https:\/\/csklublin.pl\/en\/wp-json\/wp\/v2\/users\/9"}],"replies":[{"embeddable":true,"href":"https:\/\/csklublin.pl\/en\/wp-json\/wp\/v2\/comments?post=778"}],"version-history":[{"count":2,"href":"https:\/\/csklublin.pl\/en\/wp-json\/wp\/v2\/pages\/778\/revisions"}],"predecessor-version":[{"id":11185,"href":"https:\/\/csklublin.pl\/en\/wp-json\/wp\/v2\/pages\/778\/revisions\/11185"}],"wp:attachment":[{"href":"https:\/\/csklublin.pl\/en\/wp-json\/wp\/v2\/media?parent=778"}],"curies":[{"name":"wp","href":"https:\/\/api.w.org\/{rel}","templated":true}]}}