{"id":782,"date":"2023-03-07T10:25:12","date_gmt":"2023-03-07T09:25:12","guid":{"rendered":"https:\/\/csklublin.pl\/projekty\/"},"modified":"2023-03-24T06:42:41","modified_gmt":"2023-03-24T05:42:41","slug":"projekty","status":"publish","type":"page","link":"https:\/\/csklublin.pl\/en\/projekty\/","title":{"rendered":"PROJECTS"},"content":{"rendered":"        <div id=\"projekty-list-block_6407032230f61\" class=\"calendar_sec \">\n           \n            \n            <!-- projekty grid -->\n\n            \n                <div class=\"offers_page\">\n\n                    <ul class=\"row\">\n\n                        \n\n                        <li class=\"col-xxl-3 col-xl-4 col-lg-6 col-md-6 col-sm-12 main_sec\">\n                            <a href=\"https:\/\/csklublin.pl\/en\/projekty-lista\/60-festiwal-kapel-i-spiewakow-ludowych\/\" class=\"main_sec\">\n                                <div class=\"project_box main_sec_box\">\n                                   \n                                    <div class=\"img-wrapper\">\n                                        <img decoding=\"async\" src=\"https:\/\/csklublin.pl\/wp-content\/uploads\/2026\/04\/PRZEGLAD-WOJ-KAPEL_popr_2-530x299.png\" alt=\"\">\n                                    <\/div>\n                                                                   \n                                    <div class=\"project_text\">\n                                        <div class=\"project_title_box main_sec\">\n                                            <div class=\"rep_title1 main_sec_box\">60. Festiwal Kapel i \u015apiewak\u00f3w Ludowych<\/div>\n                                            <div class=\"clr\"><\/div>\n                                        <\/div>\n                                        <div class=\"project_sm\"><p>Wi\u0119cej&#8230;<\/p><\/div>\n                                    <\/div>   \n\n                                <\/div>\n                            <\/a>\n                        <\/li>\n\n                    \n\n                        <li class=\"col-xxl-3 col-xl-4 col-lg-6 col-md-6 col-sm-12 main_sec\">\n                            <a href=\"https:\/\/csklublin.pl\/en\/projekty-lista\/o-csk-w-regionie\/\" class=\"main_sec\">\n                                <div class=\"project_box main_sec_box\">\n                                   \n                                    <div class=\"img-wrapper\">\n                                        <img decoding=\"async\" src=\"https:\/\/csklublin.pl\/wp-content\/uploads\/2023\/04\/Ogolnopolski-Festiwal-Kapel-i-Spiewakow-25.06.2023-a-368-530x299.jpg\" alt=\"\">\n                                    <\/div>\n                                                                   \n                                    <div class=\"project_text\">\n                                        <div class=\"project_title_box main_sec\">\n                                            <div class=\"rep_title1 main_sec_box\">O CSK w regionie<\/div>\n                                            <div class=\"clr\"><\/div>\n                                        <\/div>\n                                        <div class=\"project_sm\"><p>Wi\u0119cej&#8230;<\/p><\/div>\n                                    <\/div>   \n\n                                <\/div>\n                            <\/a>\n                        <\/li>\n\n                    \n\n                        <li class=\"col-xxl-3 col-xl-4 col-lg-6 col-md-6 col-sm-12 main_sec\">\n                            <a href=\"https:\/\/csklublin.pl\/en\/projekty-lista\/kino-csk-2026\/\" class=\"main_sec\">\n                                <div class=\"project_box main_sec_box\">\n                                   \n                                    <div class=\"img-wrapper\">\n                                        <img decoding=\"async\" src=\"https:\/\/csklublin.pl\/wp-content\/uploads\/2023\/04\/Kino-CSK-Eden-4.11.2023-1-15-530x299.jpg\" alt=\"\">\n                                    <\/div>\n                                                                   \n                                    <div class=\"project_text\">\n                                        <div class=\"project_title_box main_sec\">\n                                            <div class=\"rep_title1 main_sec_box\">Kino CSK<\/div>\n                                            <div class=\"clr\"><\/div>\n                                        <\/div>\n                                        <div class=\"project_sm\"><p>Wi\u0119cej&#8230;<\/p><\/div>\n                                    <\/div>   \n\n                                <\/div>\n                            <\/a>\n                        <\/li>\n\n                    \n\n                        <li class=\"col-xxl-3 col-xl-4 col-lg-6 col-md-6 col-sm-12 main_sec\">\n                            <a href=\"https:\/\/csklublin.pl\/en\/projekty-lista\/niewolnicy-sztuki\/\" class=\"main_sec\">\n                                <div class=\"project_box main_sec_box\">\n                                   \n                                    <div class=\"img-wrapper\">\n                                        <img decoding=\"async\" src=\"https:\/\/csklublin.pl\/wp-content\/uploads\/2026\/01\/Zrzut-ekranu-2026-01-27-121817-530x299.png\" alt=\"\">\n                                    <\/div>\n                                                                   \n                                    <div class=\"project_text\">\n                                        <div class=\"project_title_box main_sec\">\n                                            <div class=\"rep_title1 main_sec_box\">Niewolnicy Sztuki<\/div>\n                                            <div class=\"clr\"><\/div>\n                                        <\/div>\n                                        <div class=\"project_sm\"><p>Wi\u0119cej&#8230;<\/p><\/div>\n                                    <\/div>   \n\n                                <\/div>\n                            <\/a>\n                        <\/li>\n\n                    \n\n                        <li class=\"col-xxl-3 col-xl-4 col-lg-6 col-md-6 col-sm-12 main_sec\">\n                            <a href=\"https:\/\/csklublin.pl\/en\/projekty-lista\/klub-muzyczny-csk\/\" class=\"main_sec\">\n                                <div class=\"project_box main_sec_box\">\n                                   \n                                    <div class=\"img-wrapper\">\n                                        <img decoding=\"async\" src=\"https:\/\/csklublin.pl\/wp-content\/uploads\/2023\/04\/119488551_179847567048148_2373569467860535606_n-530x299.jpg\" alt=\"\">\n                                    <\/div>\n                                                                   \n                                    <div class=\"project_text\">\n                                        <div class=\"project_title_box main_sec\">\n                                            <div class=\"rep_title1 main_sec_box\">Klub Muzyczny CSK<\/div>\n                                            <div class=\"clr\"><\/div>\n                                        <\/div>\n                                        <div class=\"project_sm\"><p>Wi\u0119cej&#8230;<\/p><\/div>\n                                    <\/div>   \n\n                                <\/div>\n                            <\/a>\n                        <\/li>\n\n                    \n\n                        <li class=\"col-xxl-3 col-xl-4 col-lg-6 col-md-6 col-sm-12 main_sec\">\n                            <a href=\"https:\/\/csklublin.pl\/en\/projekty-lista\/kultura-na-wyciagniecie-reki\/\" class=\"main_sec\">\n                                <div class=\"project_box main_sec_box\">\n                                   \n                                    <div class=\"img-wrapper\">\n                                        <img decoding=\"async\" src=\"https:\/\/csklublin.pl\/wp-content\/uploads\/2024\/06\/logo_kultura-530x299.png\" alt=\"\">\n                                    <\/div>\n                                                                   \n                                    <div class=\"project_text\">\n                                        <div class=\"project_title_box main_sec\">\n                                            <div class=\"rep_title1 main_sec_box\">Kultura na wyci\u0105gni\u0119cie r\u0119ki<\/div>\n                                            <div class=\"clr\"><\/div>\n                                        <\/div>\n                                        <div class=\"project_sm\"><p>Wi\u0119cej&#8230;<\/p><\/div>\n                                    <\/div>   \n\n                                <\/div>\n                            <\/a>\n                        <\/li>\n\n                    \n\n                        <li class=\"col-xxl-3 col-xl-4 col-lg-6 col-md-6 col-sm-12 main_sec\">\n                            <a href=\"https:\/\/csklublin.pl\/en\/projekty-lista\/biuro-wok\/\" class=\"main_sec\">\n                                <div class=\"project_box main_sec_box\">\n                                   \n                                    <div class=\"img-wrapper\">\n                                        <img decoding=\"async\" src=\"https:\/\/csklublin.pl\/wp-content\/uploads\/2023\/04\/Ogolnopolski-Festiwal-Kapel-i-Spiewakow-25.06.2023-a-368-530x299.jpg\" alt=\"\">\n                                    <\/div>\n                                                                   \n                                    <div class=\"project_text\">\n                                        <div class=\"project_title_box main_sec\">\n                                            <div class=\"rep_title1 main_sec_box\">CSK w regionie<\/div>\n                                            <div class=\"clr\"><\/div>\n                                        <\/div>\n                                        <div class=\"project_sm\"><p>Wi\u0119cej&#8230;<\/p><\/div>\n                                    <\/div>   \n\n                                <\/div>\n                            <\/a>\n                        <\/li>\n\n                    \n\n                        <li class=\"col-xxl-3 col-xl-4 col-lg-6 col-md-6 col-sm-12 main_sec\">\n                            <a href=\"https:\/\/csklublin.pl\/en\/projekty-lista\/mlode-csk\/\" class=\"main_sec\">\n                                <div class=\"project_box main_sec_box\">\n                                   \n                                    <div class=\"img-wrapper\">\n                                        <img decoding=\"async\" src=\"https:\/\/csklublin.pl\/wp-content\/uploads\/2023\/04\/MLODE-CSK-530x299.png\" alt=\"\">\n                                    <\/div>\n                                                                   \n                                    <div class=\"project_text\">\n                                        <div class=\"project_title_box main_sec\">\n                                            <div class=\"rep_title1 main_sec_box\">Edukacja<\/div>\n                                            <div class=\"clr\"><\/div>\n                                        <\/div>\n                                        <div class=\"project_sm\"><p>Wi\u0119cej&#8230;<\/p><\/div>\n                                    <\/div>   \n\n                                <\/div>\n                            <\/a>\n                        <\/li>\n\n                    \n\n                        <li class=\"col-xxl-3 col-xl-4 col-lg-6 col-md-6 col-sm-12 main_sec\">\n                            <a href=\"https:\/\/csklublin.pl\/en\/projekty-lista\/csk-urban-artistic-apiary\/\" class=\"main_sec\">\n                                <div class=\"project_box main_sec_box\">\n                                   \n                                    <div class=\"img-wrapper\">\n                                        <img decoding=\"async\" src=\"https:\/\/csklublin.pl\/wp-content\/uploads\/2025\/08\/01_Easy-Resize.com_-530x299.jpg\" alt=\"\">\n                                    <\/div>\n                                                                   \n                                    <div class=\"project_text\">\n                                        <div class=\"project_title_box main_sec\">\n                                            <div class=\"rep_title1 main_sec_box\">CSK Urban Artistic Apiary<\/div>\n                                            <div class=\"clr\"><\/div>\n                                        <\/div>\n                                        <div class=\"project_sm\"><p>More&#8230;<\/p><\/div>\n                                    <\/div>   \n\n                                <\/div>\n                            <\/a>\n                        <\/li>\n\n                    \n\n                        <li class=\"col-xxl-3 col-xl-4 col-lg-6 col-md-6 col-sm-12 main_sec\">\n                            <a href=\"https:\/\/csklublin.pl\/en\/projekty-lista\/wschod-talentow\/\" class=\"main_sec\">\n                                <div class=\"project_box main_sec_box\">\n                                   \n                                    <div class=\"img-wrapper\">\n                                        <img decoding=\"async\" src=\"https:\/\/csklublin.pl\/wp-content\/uploads\/2025\/02\/Wschod-talentow_formaty2-e1738934224589-530x299.png\" alt=\"\">\n                                    <\/div>\n                                                                   \n                                    <div class=\"project_text\">\n                                        <div class=\"project_title_box main_sec\">\n                                            <div class=\"rep_title1 main_sec_box\">Wsch\u00f3d Talent\u00f3w<\/div>\n                                            <div class=\"clr\"><\/div>\n                                        <\/div>\n                                        <div class=\"project_sm\"><p>Wi\u0119cej&#8230;<\/p><\/div>\n                                    <\/div>   \n\n                                <\/div>\n                            <\/a>\n                        <\/li>\n\n                    \n\n                        <li class=\"col-xxl-3 col-xl-4 col-lg-6 col-md-6 col-sm-12 main_sec\">\n                            <a href=\"https:\/\/csklublin.pl\/en\/projekty-lista\/edukacja-kulturowa\/\" class=\"main_sec\">\n                                <div class=\"project_box main_sec_box\">\n                                   \n                                    <div class=\"img-wrapper\">\n                                        <img decoding=\"async\" src=\"https:\/\/csklublin.pl\/wp-content\/uploads\/2023\/04\/EDUKACJA-KULTUROWA-530x299.png\" alt=\"\">\n                                    <\/div>\n                                                                   \n                                    <div class=\"project_text\">\n                                        <div class=\"project_title_box main_sec\">\n                                            <div class=\"rep_title1 main_sec_box\">Edukacja Kulturowa<\/div>\n                                            <div class=\"clr\"><\/div>\n                                        <\/div>\n                                        <div class=\"project_sm\"><p>Wi\u0119cej&#8230;<\/p><\/div>\n                                    <\/div>   \n\n                                <\/div>\n                            <\/a>\n                        <\/li>\n\n                    \n\n                        <li class=\"col-xxl-3 col-xl-4 col-lg-6 col-md-6 col-sm-12 main_sec\">\n                            <a href=\"https:\/\/csklublin.pl\/en\/projekty-lista\/lubelski-osrodek-informacji-turystycznej-i-kulturalnej\/\" class=\"main_sec\">\n                                <div class=\"project_box main_sec_box\">\n                                   \n                                    <div class=\"img-wrapper\">\n                                        <img decoding=\"async\" src=\"https:\/\/csklublin.pl\/wp-content\/uploads\/2025\/08\/informacja_turystyczna_csk-530x299.jpg\" alt=\"\">\n                                    <\/div>\n                                                                   \n                                    <div class=\"project_text\">\n                                        <div class=\"project_title_box main_sec\">\n                                            <div class=\"rep_title1 main_sec_box\">Lubelski O\u015brodek Informacji Turystycznej i Kulturalnej<\/div>\n                                            <div class=\"clr\"><\/div>\n                                        <\/div>\n                                        <div class=\"project_sm\"><p>Wi\u0119cej&#8230;<\/p><\/div>\n                                    <\/div>   \n\n                                <\/div>\n                            <\/a>\n                        <\/li>\n\n                     \n\n                    \n\n                    <\/ul>\n\n                    <div class=\"\">\n               \n                        <div class=\"row\"><div class=\"col-xxl-2 col-xl-2 col-lg-2 col-md-2 col-sm-2\">\n                            <div class=\"prev1\">\n                            <a class=\"page-link\" href=\"#\" title=\"Poprzednia strona Lubelski O\u015brodek Informacji Turystycznej i Kulturalnej\">\n       <span aria-hidden=\"true\"><img decoding=\"async\" src=\"https:\/\/csklublin.pl\/wp-content\/themes\/csk\/assets\/images\/arrow-left1.svg\" alt=\"Poprzednia strona Lubelski O\u015brodek Informacji Turystycznej i Kulturalnej\"> Previous<\/span><\/a>\n                            <\/div>\n                        <\/div><div class=\"col-xxl-8 col-xl-8 col-lg-8 col-md-8 col-sm-8\">\n        \n                <nav>\n                    <ul class=\"pagination justify-content-center \"><li class=\"page-item\"><a class=\"page-link\" href=\"#\" title=\"Poprzednia strona Lubelski O\u015brodek Informacji Turystycznej i Kulturalnej\">\n       <span aria-hidden=\"true\"><img decoding=\"async\" src=\"https:\/\/csklublin.pl\/wp-content\/themes\/csk\/assets\/images\/arrow-left1.svg\" alt=\"Poprzednia strona Lubelski O\u015brodek Informacji Turystycznej i Kulturalnej\"> Previous<\/span><\/a><\/li><li class=\"page-item\"><span aria-current=\"page\" class=\"page-link  current\">1<\/span><\/li><li class=\"page-item\"><a class=\"page-link\" title=\"2. strona Lubelski O\u015brodek Informacji Turystycznej i Kulturalnej\" href=\"https:\/\/csklublin.pl\/en\/wp-json\/wp\/v2\/pages\/782\/page\/2\/\">2<\/a><\/li><li class=\"page-item\"><a class=\"page-link\" title=\"Nast\u0119pna strona Lubelski O\u015brodek Informacji Turystycznej i Kulturalnej\" href=\"https:\/\/csklublin.pl\/en\/wp-json\/wp\/v2\/pages\/782\/page\/2\/\">Next <img decoding=\"async\" src=\"https:\/\/csklublin.pl\/wp-content\/themes\/csk\/assets\/images\/arrow-right1.svg\" alt=\"Nast\u0119pna strona Lubelski O\u015brodek Informacji Turystycznej i Kulturalnej\"><\/a><\/li><\/ul>\n                <\/nav>\n                \n            <\/div><div class=\"col-xxl-2 col-xl-2 col-lg-2 col-md-2 col-sm-2\">\n                                    <div class=\"next1\">\n                                    <a class=\"page-link\" title=\"Nast\u0119pna strona Lubelski O\u015brodek Informacji Turystycznej i Kulturalnej\" href=\"https:\/\/csklublin.pl\/en\/wp-json\/wp\/v2\/pages\/782\/page\/2\/\">Next <img decoding=\"async\" src=\"https:\/\/csklublin.pl\/wp-content\/themes\/csk\/assets\/images\/arrow-right1.svg\" alt=\"Nast\u0119pna strona Lubelski O\u015brodek Informacji Turystycznej i Kulturalnej\"><\/a>\n                                    <\/div>\n                                <\/div><\/div>\n\n                        \n                    <\/div>\n\n                <\/div>\n            <!-- \/projekty grid -->\n\n           \n            \n        <\/div>\n\n\n\n\n    ","protected":false},"excerpt":{"rendered":"","protected":false},"author":9,"featured_media":0,"parent":0,"menu_order":3,"comment_status":"closed","ping_status":"closed","template":"","meta":{"_acf_changed":false,"inline_featured_image":false,"footnotes":""},"class_list":["post-782","page","type-page","status-publish","hentry"],"acf":[],"_links":{"self":[{"href":"https:\/\/csklublin.pl\/en\/wp-json\/wp\/v2\/pages\/782","targetHints":{"allow":["GET"]}}],"collection":[{"href":"https:\/\/csklublin.pl\/en\/wp-json\/wp\/v2\/pages"}],"about":[{"href":"https:\/\/csklublin.pl\/en\/wp-json\/wp\/v2\/types\/page"}],"author":[{"embeddable":true,"href":"https:\/\/csklublin.pl\/en\/wp-json\/wp\/v2\/users\/9"}],"replies":[{"embeddable":true,"href":"https:\/\/csklublin.pl\/en\/wp-json\/wp\/v2\/comments?post=782"}],"version-history":[{"count":2,"href":"https:\/\/csklublin.pl\/en\/wp-json\/wp\/v2\/pages\/782\/revisions"}],"predecessor-version":[{"id":25021,"href":"https:\/\/csklublin.pl\/en\/wp-json\/wp\/v2\/pages\/782\/revisions\/25021"}],"wp:attachment":[{"href":"https:\/\/csklublin.pl\/en\/wp-json\/wp\/v2\/media?parent=782"}],"curies":[{"name":"wp","href":"https:\/\/api.w.org\/{rel}","templated":true}]}}