{"id":792,"date":"2023-03-10T12:28:06","date_gmt":"2023-03-10T11:28:06","guid":{"rendered":"https:\/\/csklublin.pl\/multimedia\/"},"modified":"2023-03-10T12:28:06","modified_gmt":"2023-03-10T11:28:06","slug":"multimedia","status":"publish","type":"page","link":"https:\/\/csklublin.pl\/en\/multimedia\/","title":{"rendered":"Multimedia"},"content":{"rendered":"        <div id=\"multimedia-block_640b143cb52f0\" class=\"calendar_sec \">\n           \n            \n            <!-- multimedia grid -->\n\n                        <nav>\n                <div class=\"nav nav-tabs mb-3\" id=\"nav-tab\">\n                    <a href=\"https:\/\/csklublin.pl\/en\/multimedia\/?mcat=all\" class=\"nav-link active\">All<\/a>\n\n                                        <a href=\"https:\/\/csklublin.pl\/en\/multimedia\/?mcat=13\" class=\"nav-link \"><img decoding=\"async\" src=\"https:\/\/csklublin.pl\/wp-content\/uploads\/2023\/03\/video-vertical.svg\" alt=\"Audio\"> Audio<\/a>\n                                        <a href=\"https:\/\/csklublin.pl\/en\/multimedia\/?mcat=15\" class=\"nav-link \"><img decoding=\"async\" src=\"https:\/\/csklublin.pl\/wp-content\/uploads\/2023\/03\/Image_ic.svg\" alt=\"Foto\"> Foto<\/a>\n                                        <a href=\"https:\/\/csklublin.pl\/en\/multimedia\/?mcat=14\" class=\"nav-link \"><img decoding=\"async\" src=\"https:\/\/csklublin.pl\/wp-content\/uploads\/2023\/03\/Video_ic.svg\" alt=\"Wideo\"> Wideo<\/a>\n                                        \n                <\/div>\n\t\t    <\/nav>\n            \n            \n                <div class=\"offers_page\">\n\n                    <ul class=\"row\">\n\n                        \n                        <li class=\"col-xxl-3 col-xl-4 col-lg-6 col-md-6 col-sm-12 multi_gal_sec\">\n                            <a href=\"https:\/\/csklublin.pl\/en\/multimedia-list\/barbara-kosiak-malarski-portret-wlasny-wernisaz\/\" class=\"main_sec\">\n                                <div class=\"oferta main_sec_box\">\n                                    <div class=\"rep_img\">\n                                        <img decoding=\"async\" src=\"https:\/\/csklublin.pl\/wp-content\/themes\/csk\/assets\/images\/csk_def.png\" alt=\"\" class=\"img_a11\">\n                                    <\/div>\n                                    <div class=\"category_media\">\n                                        <div class=\"cat_media\">19 Aug 2025<\/div>\n                                        <div class=\"cat_media_icons\">\n                                                                                    <\/div>\n                                        <div class=\"clr\"><\/div>\n                                    <\/div>\n                                    <div class=\"rep_title1\">Barbara Kosiak. Malarski portret w\u0142asny | Wernisa\u017c<\/div>\n                                    <div class=\"clr\"><\/div>\n                                <\/div>\n                            <\/a>\n                        <\/li>\n\n                    \n                        <li class=\"col-xxl-3 col-xl-4 col-lg-6 col-md-6 col-sm-12 multi_gal_sec\">\n                            <a href=\"https:\/\/csklublin.pl\/en\/multimedia-list\/koncert-karuzela-gna-najwieksze-polskie-przeboje-nowy-termin-2\/\" class=\"main_sec\">\n                                <div class=\"oferta main_sec_box\">\n                                    <div class=\"rep_img\">\n                                        <img decoding=\"async\" src=\"https:\/\/csklublin.pl\/wp-content\/uploads\/2023\/03\/media2.jpg\" alt=\"\" class=\"img_a11\">\n                                    <\/div>\n                                    <div class=\"category_media\">\n                                        <div class=\"cat_media\">10 Mar 2023<\/div>\n                                        <div class=\"cat_media_icons\">\n                                                                                            <img decoding=\"async\" src=\"https:\/\/csklublin.pl\/wp-content\/uploads\/2023\/03\/video-vertical.svg\" aria-label=\"Audio\" alt=\"\"> \n                                                                                            <img decoding=\"async\" src=\"https:\/\/csklublin.pl\/wp-content\/uploads\/2023\/03\/Image_ic.svg\" aria-label=\"Foto\" alt=\"\"> \n                                                                                    <\/div>\n                                        <div class=\"clr\"><\/div>\n                                    <\/div>\n                                    <div class=\"rep_title1\">KONCERT KARUZELA GNA \u2013 NAJWI\u0118KSZE POLSKIE PRZEBOJE | NOWY TERMIN!!<\/div>\n                                    <div class=\"clr\"><\/div>\n                                <\/div>\n                            <\/a>\n                        <\/li>\n\n                    \n                        <li class=\"col-xxl-3 col-xl-4 col-lg-6 col-md-6 col-sm-12 multi_gal_sec\">\n                            <a href=\"https:\/\/csklublin.pl\/en\/multimedia-list\/stanislaw-koguciuk-malarz-urzekajacy-prostota-3\/\" class=\"main_sec\">\n                                <div class=\"oferta main_sec_box\">\n                                    <div class=\"rep_img\">\n                                        <img decoding=\"async\" src=\"https:\/\/csklublin.pl\/wp-content\/uploads\/2023\/03\/media3.jpg\" alt=\"\" class=\"img_a11\">\n                                    <\/div>\n                                    <div class=\"category_media\">\n                                        <div class=\"cat_media\">10 Mar 2023<\/div>\n                                        <div class=\"cat_media_icons\">\n                                                                                            <img decoding=\"async\" src=\"https:\/\/csklublin.pl\/wp-content\/uploads\/2023\/03\/Image_ic.svg\" aria-label=\"Foto\" alt=\"\"> \n                                                                                    <\/div>\n                                        <div class=\"clr\"><\/div>\n                                    <\/div>\n                                    <div class=\"rep_title1\">\u201eSTANIS\u0141AW KOGUCIUK. MALARZ URZEKAJ\u0104CY PROSTOT\u0104\u201d<\/div>\n                                    <div class=\"clr\"><\/div>\n                                <\/div>\n                            <\/a>\n                        <\/li>\n\n                    \n                        <li class=\"col-xxl-3 col-xl-4 col-lg-6 col-md-6 col-sm-12 multi_gal_sec\">\n                            <a href=\"https:\/\/csklublin.pl\/en\/multimedia-list\/stanislaw-koguciuk-malarz-urzekajacy-prostota-2\/\" class=\"main_sec\">\n                                <div class=\"oferta main_sec_box\">\n                                    <div class=\"rep_img\">\n                                        <img decoding=\"async\" src=\"https:\/\/csklublin.pl\/wp-content\/uploads\/2023\/03\/media4.jpg\" alt=\"\" class=\"img_a11\">\n                                    <\/div>\n                                    <div class=\"category_media\">\n                                        <div class=\"cat_media\">10 Mar 2023<\/div>\n                                        <div class=\"cat_media_icons\">\n                                                                                            <img decoding=\"async\" src=\"https:\/\/csklublin.pl\/wp-content\/uploads\/2023\/03\/Video_ic.svg\" aria-label=\"Wideo\" alt=\"\"> \n                                                                                    <\/div>\n                                        <div class=\"clr\"><\/div>\n                                    <\/div>\n                                    <div class=\"rep_title1\">\u201eSTANIS\u0141AW KOGUCIUK. MALARZ URZEKAJ\u0104CY PROSTOT\u0104\u201d<\/div>\n                                    <div class=\"clr\"><\/div>\n                                <\/div>\n                            <\/a>\n                        <\/li>\n\n                    \n                        <li class=\"col-xxl-3 col-xl-4 col-lg-6 col-md-6 col-sm-12 multi_gal_sec\">\n                            <a href=\"https:\/\/csklublin.pl\/en\/multimedia-list\/koncert-karuzela-gna-najwieksze-polskie-przeboje-nowy-termin\/\" class=\"main_sec\">\n                                <div class=\"oferta main_sec_box\">\n                                    <div class=\"rep_img\">\n                                        <img decoding=\"async\" src=\"https:\/\/csklublin.pl\/wp-content\/uploads\/2023\/03\/media5.jpg\" alt=\"\" class=\"img_a11\">\n                                    <\/div>\n                                    <div class=\"category_media\">\n                                        <div class=\"cat_media\">10 Mar 2023<\/div>\n                                        <div class=\"cat_media_icons\">\n                                                                                            <img decoding=\"async\" src=\"https:\/\/csklublin.pl\/wp-content\/uploads\/2023\/03\/video-vertical.svg\" aria-label=\"Audio\" alt=\"\"> \n                                                                                            <img decoding=\"async\" src=\"https:\/\/csklublin.pl\/wp-content\/uploads\/2023\/03\/Image_ic.svg\" aria-label=\"Foto\" alt=\"\"> \n                                                                                    <\/div>\n                                        <div class=\"clr\"><\/div>\n                                    <\/div>\n                                    <div class=\"rep_title1\">KONCERT KARUZELA GNA \u2013 NAJWI\u0118KSZE POLSKIE PRZEBOJE | NOWY TERMIN!!<\/div>\n                                    <div class=\"clr\"><\/div>\n                                <\/div>\n                            <\/a>\n                        <\/li>\n\n                    \n                        <li class=\"col-xxl-3 col-xl-4 col-lg-6 col-md-6 col-sm-12 multi_gal_sec\">\n                            <a href=\"https:\/\/csklublin.pl\/en\/multimedia-list\/koncert-wojciech-myrczek-quartet-celebrating-the-journey\/\" class=\"main_sec\">\n                                <div class=\"oferta main_sec_box\">\n                                    <div class=\"rep_img\">\n                                        <img decoding=\"async\" src=\"https:\/\/csklublin.pl\/wp-content\/uploads\/2023\/03\/media6.jpg\" alt=\"\" class=\"img_a11\">\n                                    <\/div>\n                                    <div class=\"category_media\">\n                                        <div class=\"cat_media\">10 Mar 2023<\/div>\n                                        <div class=\"cat_media_icons\">\n                                                                                            <img decoding=\"async\" src=\"https:\/\/csklublin.pl\/wp-content\/uploads\/2023\/03\/video-vertical.svg\" aria-label=\"Audio\" alt=\"\"> \n                                                                                            <img decoding=\"async\" src=\"https:\/\/csklublin.pl\/wp-content\/uploads\/2023\/03\/Image_ic.svg\" aria-label=\"Foto\" alt=\"\"> \n                                                                                    <\/div>\n                                        <div class=\"clr\"><\/div>\n                                    <\/div>\n                                    <div class=\"rep_title1\">KONCERT: WOJCIECH MYRCZEK QUARTET &#8211; CELEBRATING THE JOURNEY<\/div>\n                                    <div class=\"clr\"><\/div>\n                                <\/div>\n                            <\/a>\n                        <\/li>\n\n                    \n                        <li class=\"col-xxl-3 col-xl-4 col-lg-6 col-md-6 col-sm-12 multi_gal_sec\">\n                            <a href=\"https:\/\/csklublin.pl\/en\/multimedia-list\/stanislaw-koguciuk-malarz-urzekajacy-prostota\/\" class=\"main_sec\">\n                                <div class=\"oferta main_sec_box\">\n                                    <div class=\"rep_img\">\n                                        <img decoding=\"async\" src=\"https:\/\/csklublin.pl\/wp-content\/uploads\/2023\/03\/media2.jpg\" alt=\"\" class=\"img_a11\">\n                                    <\/div>\n                                    <div class=\"category_media\">\n                                        <div class=\"cat_media\">08 Mar 2023<\/div>\n                                        <div class=\"cat_media_icons\">\n                                                                                            <img decoding=\"async\" src=\"https:\/\/csklublin.pl\/wp-content\/uploads\/2023\/03\/Image_ic.svg\" aria-label=\"Foto\" alt=\"\"> \n                                                                                    <\/div>\n                                        <div class=\"clr\"><\/div>\n                                    <\/div>\n                                    <div class=\"rep_title1\">\u201eSTANIS\u0141AW KOGUCIUK. MALARZ URZEKAJ\u0104CY PROSTOT\u0104\u201d<\/div>\n                                    <div class=\"clr\"><\/div>\n                                <\/div>\n                            <\/a>\n                        <\/li>\n\n                     \n\n                    \n\n                    <\/ul>\n\n                    <div class=\"\">\n               \n                                                \n                    <\/div>\n\n                <\/div>\n            <!-- \/multimedia grid -->\n\n           \n            \n        <\/div>\n\n\n\n\n    ","protected":false},"excerpt":{"rendered":"","protected":false},"author":9,"featured_media":0,"parent":0,"menu_order":7,"comment_status":"closed","ping_status":"closed","template":"","meta":{"_acf_changed":false,"inline_featured_image":false,"footnotes":""},"class_list":["post-792","page","type-page","status-publish","hentry"],"acf":[],"_links":{"self":[{"href":"https:\/\/csklublin.pl\/en\/wp-json\/wp\/v2\/pages\/792","targetHints":{"allow":["GET"]}}],"collection":[{"href":"https:\/\/csklublin.pl\/en\/wp-json\/wp\/v2\/pages"}],"about":[{"href":"https:\/\/csklublin.pl\/en\/wp-json\/wp\/v2\/types\/page"}],"author":[{"embeddable":true,"href":"https:\/\/csklublin.pl\/en\/wp-json\/wp\/v2\/users\/9"}],"replies":[{"embeddable":true,"href":"https:\/\/csklublin.pl\/en\/wp-json\/wp\/v2\/comments?post=792"}],"version-history":[{"count":0,"href":"https:\/\/csklublin.pl\/en\/wp-json\/wp\/v2\/pages\/792\/revisions"}],"wp:attachment":[{"href":"https:\/\/csklublin.pl\/en\/wp-json\/wp\/v2\/media?parent=792"}],"curies":[{"name":"wp","href":"https:\/\/api.w.org\/{rel}","templated":true}]}}