{"id":9409,"date":"2023-03-04T06:39:02","date_gmt":"2023-03-04T05:39:02","guid":{"rendered":"https:\/\/csklublin.pl\/archiwum-wydarzen-2\/"},"modified":"2023-06-29T10:36:29","modified_gmt":"2023-06-29T08:36:29","slug":"archiwum-wydarzen","status":"publish","type":"page","link":"https:\/\/csklublin.pl\/en\/archiwum-wydarzen\/","title":{"rendered":"Event archive"},"content":{"rendered":"        <div id=\"posts-list-block_25e674b9e594625941ce5bf209eb7d98\" class=\" \">\n           \n            \n                <!-- Post grid -->\n            \n                <div class=\"home_news\">\n\n                    <ul class=\"row\">\n\n                        \n                        <li class=\"col-xxl-3 col-xl-4 col-lg-6 col-md-6 col-sm-12 main_sec\">\n\n                      \n                            <a href=\"https:\/\/csklublin.pl\/en\/wydarzenia\/scena-cyrku-jutra-trailer\/\" class=\"main_sec\">\n\n                            <div class=\"news_box main_sec_box\">\n                                <div class=\"news_heading\">\n                                    <div class=\"news_title\">Scena Cyrku Jutra &#8211; Trailer<\/div>\n                                    <div class=\"archive_date\">\n                                        <div class=\"news_arrow1\"><img decoding=\"async\" src=\"https:\/\/csklublin.pl\/wp-content\/themes\/csk\/assets\/images\/arrow-up-right.svg\" alt=\"\"><\/div>\n                                    <\/div>\n                                <\/div>\n                                <div class=\"clr\"><\/div>\n                                <div class=\"news_box_text\">\n                                                                        <div class=\"archive_start\">\n                                        <div class=\"archive_blk\">Beginning: <\/div> <div class=\"archive_wht\">Sun 03\/05\/2026<\/div> <div class=\"archive_wht\">17:00<\/div>\n                                    <\/div>\n                                                                                                            <div class=\"archive_end\">\n                                        <div class=\"archive_blk\">End:<\/div> <div class=\"archive_wht\">Sun 03\/05\/2026<\/div> <div class=\"archive_wht\">18:00<\/div>\n                                    <\/div>\n                                    \n                                    Przekonaj si\u0119, jakiego rodzaju cyrk b\u0119dziemy prezentowa\u0107 podczas spektakli Sceny Cyrku Jutra. \u201cTrailer\u201d to multimedialne show, odbywaj\u0105cego si\u0119 w wyj\u0105tkowej przestrzeni Sali Operowej. Zobaczysz na nim                                <\/div>\n                            <\/div>\n                               \n                            <\/a>\n                        <\/li>\n\n                    \n                        <li class=\"col-xxl-3 col-xl-4 col-lg-6 col-md-6 col-sm-12 main_sec\">\n\n                      \n                            <a href=\"https:\/\/csklublin.pl\/en\/wydarzenia\/scena-cyrku-jutra-solarsi-2\/\" class=\"main_sec\">\n\n                            <div class=\"news_box main_sec_box\">\n                                <div class=\"news_heading\">\n                                    <div class=\"news_title\">Scena Cyrku Jutra \u2013 \u201eSolarsi\u201d<\/div>\n                                    <div class=\"archive_date\">\n                                        <div class=\"news_arrow1\"><img decoding=\"async\" src=\"https:\/\/csklublin.pl\/wp-content\/themes\/csk\/assets\/images\/arrow-up-right.svg\" alt=\"\"><\/div>\n                                    <\/div>\n                                <\/div>\n                                <div class=\"clr\"><\/div>\n                                <div class=\"news_box_text\">\n                                                                        <div class=\"archive_start\">\n                                        <div class=\"archive_blk\">Beginning: <\/div> <div class=\"archive_wht\">Sun 03\/05\/2026<\/div> <div class=\"archive_wht\">20:00<\/div>\n                                    <\/div>\n                                                                                                            <div class=\"archive_end\">\n                                        <div class=\"archive_blk\">End:<\/div> <div class=\"archive_wht\">Sun 03\/05\/2026<\/div> <div class=\"archive_wht\">21:00<\/div>\n                                    <\/div>\n                                    \n                                    Na \u015brodku sceny wyl\u0105dowa\u0142 niezidentyfikowany obiekt lataj\u0105cy. To mi\u0119dzygalaktyczny pojazd dw\u00f3jki sympatycznych kosmit\u00f3w marz\u0105cych o wakacjach w srebrnych piaskach Neptuna.                                 <\/div>\n                            <\/div>\n                               \n                            <\/a>\n                        <\/li>\n\n                    \n                        <li class=\"col-xxl-3 col-xl-4 col-lg-6 col-md-6 col-sm-12 main_sec\">\n\n                      \n                            <a href=\"https:\/\/csklublin.pl\/en\/wydarzenia\/spektakl-scena-cyrku-jutra-trailer\/\" class=\"main_sec\">\n\n                            <div class=\"news_box main_sec_box\">\n                                <div class=\"news_heading\">\n                                    <div class=\"news_title\">Scena Cyrku Jutra &#8211; Trailer<\/div>\n                                    <div class=\"archive_date\">\n                                        <div class=\"news_arrow1\"><img decoding=\"async\" src=\"https:\/\/csklublin.pl\/wp-content\/themes\/csk\/assets\/images\/arrow-up-right.svg\" alt=\"\"><\/div>\n                                    <\/div>\n                                <\/div>\n                                <div class=\"clr\"><\/div>\n                                <div class=\"news_box_text\">\n                                                                        <div class=\"archive_start\">\n                                        <div class=\"archive_blk\">Beginning: <\/div> <div class=\"archive_wht\">Sat 02\/05\/2026<\/div> <div class=\"archive_wht\">19:00<\/div>\n                                    <\/div>\n                                                                                                            <div class=\"archive_end\">\n                                        <div class=\"archive_blk\">End:<\/div> <div class=\"archive_wht\">Sat 02\/05\/2026<\/div> <div class=\"archive_wht\">20:00<\/div>\n                                    <\/div>\n                                    \n                                    Przekonaj si\u0119, jakiego rodzaju cyrk b\u0119dziemy prezentowa\u0107 podczas spektakli Sceny Cyrku Jutra. \u201cTrailer\u201d to multimedialne show, odbywaj\u0105cego si\u0119 w wyj\u0105tkowej przestrzeni Sali Operowej. Zobaczysz na nim                                <\/div>\n                            <\/div>\n                               \n                            <\/a>\n                        <\/li>\n\n                    \n                        <li class=\"col-xxl-3 col-xl-4 col-lg-6 col-md-6 col-sm-12 main_sec\">\n\n                      \n                            <a href=\"https:\/\/csklublin.pl\/en\/wydarzenia\/scena-cyrku-jutra-solarsi\/\" class=\"main_sec\">\n\n                            <div class=\"news_box main_sec_box\">\n                                <div class=\"news_heading\">\n                                    <div class=\"news_title\">Scena Cyrku Jutra \u2013 \u201eSolarsi\u201d<\/div>\n                                    <div class=\"archive_date\">\n                                        <div class=\"news_arrow1\"><img decoding=\"async\" src=\"https:\/\/csklublin.pl\/wp-content\/themes\/csk\/assets\/images\/arrow-up-right.svg\" alt=\"\"><\/div>\n                                    <\/div>\n                                <\/div>\n                                <div class=\"clr\"><\/div>\n                                <div class=\"news_box_text\">\n                                                                        <div class=\"archive_start\">\n                                        <div class=\"archive_blk\">Beginning: <\/div> <div class=\"archive_wht\">Sat 02\/05\/2026<\/div> <div class=\"archive_wht\">21:00<\/div>\n                                    <\/div>\n                                                                                                            <div class=\"archive_end\">\n                                        <div class=\"archive_blk\">End:<\/div> <div class=\"archive_wht\">Sat 02\/05\/2026<\/div> <div class=\"archive_wht\">22:00<\/div>\n                                    <\/div>\n                                    \n                                    Na \u015brodku sceny wyl\u0105dowa\u0142 niezidentyfikowany obiekt lataj\u0105cy. To mi\u0119dzygalaktyczny pojazd dw\u00f3jki sympatycznych kosmit\u00f3w marz\u0105cych o wakacjach w srebrnych piaskach Neptuna.                                 <\/div>\n                            <\/div>\n                               \n                            <\/a>\n                        <\/li>\n\n                    \n                        <li class=\"col-xxl-3 col-xl-4 col-lg-6 col-md-6 col-sm-12 main_sec\">\n\n                      \n                            <a href=\"https:\/\/csklublin.pl\/en\/wydarzenia\/spektakl-koronacja-csk\/\" class=\"main_sec\">\n\n                            <div class=\"news_box main_sec_box\">\n                                <div class=\"news_heading\">\n                                    <div class=\"news_title\">Spektakl \u201eKoronacja\u201d | CSK<\/div>\n                                    <div class=\"archive_date\">\n                                        <div class=\"news_arrow1\"><img decoding=\"async\" src=\"https:\/\/csklublin.pl\/wp-content\/themes\/csk\/assets\/images\/arrow-up-right.svg\" alt=\"\"><\/div>\n                                    <\/div>\n                                <\/div>\n                                <div class=\"clr\"><\/div>\n                                <div class=\"news_box_text\">\n                                                                        <div class=\"archive_start\">\n                                        <div class=\"archive_blk\">Beginning: <\/div> <div class=\"archive_wht\">Wed 29\/04\/2026<\/div> <div class=\"archive_wht\">18:00<\/div>\n                                    <\/div>\n                                                                                                            <div class=\"archive_end\">\n                                        <div class=\"archive_blk\">End:<\/div> <div class=\"archive_wht\">Wed 29\/04\/2026<\/div> <div class=\"archive_wht\">19:30<\/div>\n                                    <\/div>\n                                    \n                                    \u201eKoronacja\u201d zabiera widz\u00f3w w widowiskow\u0105, pe\u0142n\u0105 niespodziewanych zwrot\u00f3w akcji podr\u00f3\u017c w czasie. Towarzysz\u0105 w niej Boles\u0142awowi Chrobremu w jego drodze do kr\u00f3lewskiej korony.                                <\/div>\n                            <\/div>\n                               \n                            <\/a>\n                        <\/li>\n\n                    \n                        <li class=\"col-xxl-3 col-xl-4 col-lg-6 col-md-6 col-sm-12 main_sec\">\n\n                      \n                            <a href=\"https:\/\/csklublin.pl\/en\/wydarzenia\/spektakl-koronacja-csk-2\/\" class=\"main_sec\">\n\n                            <div class=\"news_box main_sec_box\">\n                                <div class=\"news_heading\">\n                                    <div class=\"news_title\">Spektakl \u201eKoronacja\u201d | CSK<\/div>\n                                    <div class=\"archive_date\">\n                                        <div class=\"news_arrow1\"><img decoding=\"async\" src=\"https:\/\/csklublin.pl\/wp-content\/themes\/csk\/assets\/images\/arrow-up-right.svg\" alt=\"\"><\/div>\n                                    <\/div>\n                                <\/div>\n                                <div class=\"clr\"><\/div>\n                                <div class=\"news_box_text\">\n                                                                        <div class=\"archive_start\">\n                                        <div class=\"archive_blk\">Beginning: <\/div> <div class=\"archive_wht\">Wed 29\/04\/2026<\/div> <div class=\"archive_wht\">09:00<\/div>\n                                    <\/div>\n                                                                                                            <div class=\"archive_end\">\n                                        <div class=\"archive_blk\">End:<\/div> <div class=\"archive_wht\">Wed 29\/04\/2026<\/div> <div class=\"archive_wht\">10:30<\/div>\n                                    <\/div>\n                                    \n                                    \u201eKoronacja\u201d zabiera widz\u00f3w w widowiskow\u0105, pe\u0142n\u0105 niespodziewanych zwrot\u00f3w akcji podr\u00f3\u017c w czasie. Towarzysz\u0105 w niej Boles\u0142awowi Chrobremu w jego drodze do kr\u00f3lewskiej korony.                                <\/div>\n                            <\/div>\n                               \n                            <\/a>\n                        <\/li>\n\n                    \n                        <li class=\"col-xxl-3 col-xl-4 col-lg-6 col-md-6 col-sm-12 main_sec\">\n\n                      \n                            <a href=\"https:\/\/csklublin.pl\/en\/wydarzenia\/spektakl-koronacja-csk-3\/\" class=\"main_sec\">\n\n                            <div class=\"news_box main_sec_box\">\n                                <div class=\"news_heading\">\n                                    <div class=\"news_title\">Spektakl \u201eKoronacja\u201d | CSK<\/div>\n                                    <div class=\"archive_date\">\n                                        <div class=\"news_arrow1\"><img decoding=\"async\" src=\"https:\/\/csklublin.pl\/wp-content\/themes\/csk\/assets\/images\/arrow-up-right.svg\" alt=\"\"><\/div>\n                                    <\/div>\n                                <\/div>\n                                <div class=\"clr\"><\/div>\n                                <div class=\"news_box_text\">\n                                                                        <div class=\"archive_start\">\n                                        <div class=\"archive_blk\">Beginning: <\/div> <div class=\"archive_wht\">Wed 29\/04\/2026<\/div> <div class=\"archive_wht\">12:00<\/div>\n                                    <\/div>\n                                                                                                            <div class=\"archive_end\">\n                                        <div class=\"archive_blk\">End:<\/div> <div class=\"archive_wht\">Wed 29\/04\/2026<\/div> <div class=\"archive_wht\">13:30<\/div>\n                                    <\/div>\n                                    \n                                    \u201eKoronacja\u201d zabiera widz\u00f3w w widowiskow\u0105, pe\u0142n\u0105 niespodziewanych zwrot\u00f3w akcji podr\u00f3\u017c w czasie. Towarzysz\u0105 w niej Boles\u0142awowi Chrobremu w jego drodze do kr\u00f3lewskiej korony.                                <\/div>\n                            <\/div>\n                               \n                            <\/a>\n                        <\/li>\n\n                    \n                        <li class=\"col-xxl-3 col-xl-4 col-lg-6 col-md-6 col-sm-12 main_sec\">\n\n                      \n                            <a href=\"https:\/\/csklublin.pl\/en\/wydarzenia\/diamenty-kultury-wojewodztwa-lubelskiego-eliminacje-wojewodzkie\/\" class=\"main_sec\">\n\n                            <div class=\"news_box main_sec_box\">\n                                <div class=\"news_heading\">\n                                    <div class=\"news_title\">Diamenty Kultury Wojew\u00f3dztwa Lubelskiego | Eliminacje wojew\u00f3dzkie<\/div>\n                                    <div class=\"archive_date\">\n                                        <div class=\"news_arrow1\"><img decoding=\"async\" src=\"https:\/\/csklublin.pl\/wp-content\/themes\/csk\/assets\/images\/arrow-up-right.svg\" alt=\"\"><\/div>\n                                    <\/div>\n                                <\/div>\n                                <div class=\"clr\"><\/div>\n                                <div class=\"news_box_text\">\n                                                                        <div class=\"archive_start\">\n                                        <div class=\"archive_blk\">Beginning: <\/div> <div class=\"archive_wht\">Tue 28\/04\/2026<\/div> <div class=\"archive_wht\">09:30<\/div>\n                                    <\/div>\n                                                                                                            <div class=\"archive_end\">\n                                        <div class=\"archive_blk\">End:<\/div> <div class=\"archive_wht\">Wed 29\/04\/2026<\/div> <div class=\"archive_wht\">17:00<\/div>\n                                    <\/div>\n                                    \n                                    Konkurs \u201eDiamenty Kultury Wojew\u00f3dztwa Lubelskiego\u201d to wyj\u0105tkowe wydarzenie maj\u0105ce na celu wy\u0142onienie najbardziej atrakcyjnych, inspiruj\u0105cych i kulturotw\u00f3rczych inicjatyw kulturalnych na terenie wojew\u00f3dztwa                                <\/div>\n                            <\/div>\n                               \n                            <\/a>\n                        <\/li>\n\n                     \n\n                    \n\n                    <\/ul>\n\n                    <div class=\"\">\n               \n                        <div class=\"row\"><div class=\"col-xxl-2 col-xl-2 col-lg-2 col-md-2 col-sm-2\">\n                            <div class=\"prev1\">\n                            <a class=\"page-link\" href=\"#\" title=\"Poprzednia strona Events\">\n       <span aria-hidden=\"true\"><img decoding=\"async\" src=\"https:\/\/csklublin.pl\/wp-content\/themes\/csk\/assets\/images\/arrow-left1.svg\" alt=\"Poprzednia strona Events\"> Previous<\/span><\/a>\n                            <\/div>\n                        <\/div><div class=\"col-xxl-8 col-xl-8 col-lg-8 col-md-8 col-sm-8\">\n        \n                <nav>\n                    <ul class=\"pagination justify-content-center \"><li class=\"page-item\"><a class=\"page-link\" href=\"#\" title=\"Poprzednia strona Events\">\n       <span aria-hidden=\"true\"><img decoding=\"async\" src=\"https:\/\/csklublin.pl\/wp-content\/themes\/csk\/assets\/images\/arrow-left1.svg\" alt=\"Poprzednia strona Events\"> Previous<\/span><\/a><\/li><li class=\"page-item\"><span aria-current=\"page\" class=\"page-link  current\">1<\/span><\/li><li class=\"page-item\"><a class=\"page-link\" title=\"2. strona Events\" href=\"https:\/\/csklublin.pl\/en\/wp-json\/wp\/v2\/pages\/9409\/page\/2\/\">2<\/a><\/li><li class=\"page-item\"><span class=\"page-link dots\">&hellip;<\/span><\/li><li class=\"page-item\"><a class=\"page-link\" title=\"160. strona Events\" href=\"https:\/\/csklublin.pl\/en\/wp-json\/wp\/v2\/pages\/9409\/page\/160\/\">160<\/a><\/li><li class=\"page-item\"><a class=\"page-link\" title=\"Nast\u0119pna strona Events\" href=\"https:\/\/csklublin.pl\/en\/wp-json\/wp\/v2\/pages\/9409\/page\/2\/\">Next <img decoding=\"async\" src=\"https:\/\/csklublin.pl\/wp-content\/themes\/csk\/assets\/images\/arrow-right1.svg\" alt=\"Nast\u0119pna strona Events\"><\/a><\/li><\/ul>\n                <\/nav>\n                \n            <\/div><div class=\"col-xxl-2 col-xl-2 col-lg-2 col-md-2 col-sm-2\">\n                                    <div class=\"next1\">\n                                    <a class=\"page-link\" title=\"Nast\u0119pna strona Events\" href=\"https:\/\/csklublin.pl\/en\/wp-json\/wp\/v2\/pages\/9409\/page\/2\/\">Next <img decoding=\"async\" src=\"https:\/\/csklublin.pl\/wp-content\/themes\/csk\/assets\/images\/arrow-right1.svg\" alt=\"Nast\u0119pna strona Events\"><\/a>\n                                    <\/div>\n                                <\/div><\/div>\n\n                        \n                    <\/div>\n\n                <\/div>\n            <!-- \/post grid -->\n\n           \n            \n        <\/div>\n\n\n\n\n    ","protected":false},"excerpt":{"rendered":"","protected":false},"author":9,"featured_media":0,"parent":0,"menu_order":0,"comment_status":"closed","ping_status":"closed","template":"","meta":{"_acf_changed":false,"inline_featured_image":false,"footnotes":""},"class_list":["post-9409","page","type-page","status-publish","hentry"],"acf":[],"_links":{"self":[{"href":"https:\/\/csklublin.pl\/en\/wp-json\/wp\/v2\/pages\/9409","targetHints":{"allow":["GET"]}}],"collection":[{"href":"https:\/\/csklublin.pl\/en\/wp-json\/wp\/v2\/pages"}],"about":[{"href":"https:\/\/csklublin.pl\/en\/wp-json\/wp\/v2\/types\/page"}],"author":[{"embeddable":true,"href":"https:\/\/csklublin.pl\/en\/wp-json\/wp\/v2\/users\/9"}],"replies":[{"embeddable":true,"href":"https:\/\/csklublin.pl\/en\/wp-json\/wp\/v2\/comments?post=9409"}],"version-history":[{"count":1,"href":"https:\/\/csklublin.pl\/en\/wp-json\/wp\/v2\/pages\/9409\/revisions"}],"predecessor-version":[{"id":9410,"href":"https:\/\/csklublin.pl\/en\/wp-json\/wp\/v2\/pages\/9409\/revisions\/9410"}],"wp:attachment":[{"href":"https:\/\/csklublin.pl\/en\/wp-json\/wp\/v2\/media?parent=9409"}],"curies":[{"name":"wp","href":"https:\/\/api.w.org\/{rel}","templated":true}]}}